{"id":174,"date":"2022-10-19T06:45:23","date_gmt":"2022-10-19T06:45:23","guid":{"rendered":"http:\/\/ds-hypnose.de\/?page_id=174"},"modified":"2025-12-13T01:33:35","modified_gmt":"2025-12-12T23:33:35","slug":"veranstaltungen-seminare","status":"publish","type":"page","link":"https:\/\/ds-hypnose.de\/index.php\/veranstaltungen-seminare\/","title":{"rendered":"Veranstaltungen, Seminare"},"content":{"rendered":"\t\t<div data-elementor-type=\"wp-page\" data-elementor-id=\"174\" class=\"elementor elementor-174\">\n\t\t\t\t\t\t\t\t\t<section class=\"elementor-section elementor-top-section elementor-element elementor-element-51e545b elementor-section-boxed elementor-section-height-default elementor-section-height-default\" data-id=\"51e545b\" data-element_type=\"section\">\n\t\t\t\t\t\t<div class=\"elementor-container elementor-column-gap-default\">\n\t\t\t\t\t<div class=\"aux-parallax-section elementor-column elementor-col-50 elementor-top-column elementor-element elementor-element-a611045\" data-id=\"a611045\" data-element_type=\"column\">\n\t\t\t<div class=\"elementor-widget-wrap elementor-element-populated\">\n\t\t\t\t\t\t\t\t<div class=\"elementor-element elementor-element-18a61ac elementor-widget elementor-widget-image\" data-id=\"18a61ac\" data-element_type=\"widget\" data-widget_type=\"image.default\">\n\t\t\t\t<div class=\"elementor-widget-container\">\n\t\t\t\t\t\t\t\t\t\t\t\t\t\t\t<img decoding=\"async\" src=\"https:\/\/ds-hypnose.de\/wp-content\/uploads\/2022\/10\/hypnose1.jpg\" title=\"hypnose1\" alt=\"hypnose1\" loading=\"lazy\" \/>\t\t\t\t\t\t\t\t\t\t\t\t\t\t\t<\/div>\n\t\t\t\t<\/div>\n\t\t\t\t\t<\/div>\n\t\t<\/div>\n\t\t\t\t<div class=\"aux-parallax-section elementor-column elementor-col-50 elementor-top-column elementor-element elementor-element-54ef55e\" data-id=\"54ef55e\" data-element_type=\"column\">\n\t\t\t<div class=\"elementor-widget-wrap elementor-element-populated\">\n\t\t\t\t\t\t\t\t<div class=\"elementor-element elementor-element-48c3cd2 elementor-widget elementor-widget-image\" data-id=\"48c3cd2\" data-element_type=\"widget\" data-widget_type=\"image.default\">\n\t\t\t\t<div class=\"elementor-widget-container\">\n\t\t\t\t\t\t\t\t\t\t\t\t\t\t\t<img decoding=\"async\" width=\"169\" height=\"225\" src=\"https:\/\/ds-hypnose.de\/wp-content\/uploads\/2022\/10\/hypnose.jpg\" class=\"attachment-large size-large wp-image-313\" alt=\"\" \/>\t\t\t\t\t\t\t\t\t\t\t\t\t\t\t<\/div>\n\t\t\t\t<\/div>\n\t\t\t\t\t<\/div>\n\t\t<\/div>\n\t\t\t\t\t\t\t<\/div>\n\t\t<\/section>\n\t\t\t\t<section class=\"elementor-section elementor-top-section elementor-element elementor-element-2cbe342 elementor-section-boxed elementor-section-height-default elementor-section-height-default\" data-id=\"2cbe342\" data-element_type=\"section\">\n\t\t\t\t\t\t<div class=\"elementor-container elementor-column-gap-default\">\n\t\t\t\t\t<div class=\"aux-parallax-section elementor-column elementor-col-100 elementor-top-column elementor-element elementor-element-11544b15\" data-id=\"11544b15\" data-element_type=\"column\">\n\t\t\t<div class=\"elementor-widget-wrap elementor-element-populated\">\n\t\t\t\t\t\t\t\t<div class=\"elementor-element elementor-element-2c6da1b2 elementor-widget elementor-widget-text-editor\" data-id=\"2c6da1b2\" data-element_type=\"widget\" data-widget_type=\"text-editor.default\">\n\t\t\t\t<div class=\"elementor-widget-container\">\n\t\t\t\t\t\t\t<h2 data-start=\"239\" data-end=\"272\">Ausbildung zum Hypnose-Coach<\/h2>\n<p data-start=\"273\" data-end=\"329\"><strong data-start=\"273\" data-end=\"329\">Jederzeit nach individueller Terminabsprache m\u00f6glich<\/strong><\/p>\n<p data-start=\"331\" data-end=\"490\">Diese Ausbildung richtet sich an alle, die Hypnose nicht nur verstehen, sondern <strong data-start=\"411\" data-end=\"448\">wirklich anwenden und beherrschen<\/strong> m\u00f6chten \u2013 praxisnah, seri\u00f6s und fundiert.<\/p>\n<p data-start=\"492\" data-end=\"620\">Du lernst die <strong data-start=\"506\" data-end=\"528\">klassische Hypnose<\/strong>, inklusive<br data-start=\"539\" data-end=\"542\" \/>\u00a0Blitzhypnose<br data-start=\"556\" data-end=\"559\" \/>\u00a0Schreckhypnose<br data-start=\"575\" data-end=\"578\" \/>\u00a0Grundlagen der therapeutischen Hypnose<\/p>\n<hr data-start=\"622\" data-end=\"625\" \/>\n<h3 data-start=\"627\" data-end=\"669\">F\u00fcr wen ist diese Ausbildung geeignet?<\/h3>\n<p data-start=\"671\" data-end=\"716\">Diese Ausbildung ist ideal f\u00fcr dich, wenn du:<\/p>\n<ul data-start=\"718\" data-end=\"1097\">\n<li data-start=\"718\" data-end=\"820\">\n<p data-start=\"720\" data-end=\"820\">nicht nur wissen willst, <strong data-start=\"745\" data-end=\"773\">wie Hypnose funktioniert<\/strong>, sondern sie selbst sicher anwenden m\u00f6chtest<\/p>\n<\/li>\n<li data-start=\"821\" data-end=\"876\">\n<p data-start=\"823\" data-end=\"876\">Menschen spontan in Hypnose versetzen lernen willst<\/p>\n<\/li>\n<li data-start=\"877\" data-end=\"989\">\n<p data-start=\"879\" data-end=\"989\">andere dabei unterst\u00fctzen m\u00f6chtest, z. B. beim Rauchstopp, bei Gewichtsreduktion oder pers\u00f6nlichen Blockaden<\/p>\n<\/li>\n<li data-start=\"990\" data-end=\"1097\">\n<p data-start=\"992\" data-end=\"1097\">herausfinden willst, ob eine weiterf\u00fchrende Ausbildung in Hypnosetherapie der richtige Weg f\u00fcr dich ist<\/p>\n<\/li>\n<\/ul>\n<p data-start=\"1099\" data-end=\"1339\">Du erh\u00e4ltst <strong data-start=\"1111\" data-end=\"1154\">tiefe Einblicke in die Welt der Hypnose<\/strong> \u2013 verst\u00e4ndlich erkl\u00e4rt und direkt praktisch umgesetzt.<br data-start=\"1209\" data-end=\"1212\" \/>Viele gro\u00dfe Hypnoseinstitute w\u00fcrden f\u00fcr vergleichbare Inhalte <strong data-start=\"1274\" data-end=\"1338\">ein Vielfaches verlangen oder mehrere Seminare daraus machen<\/strong>.<\/p>\n<p data-start=\"1341\" data-end=\"1472\">Ein besonderer Vorteil:<br data-start=\"1364\" data-end=\"1367\" \/>\u00a0<strong data-start=\"1370\" data-end=\"1472\">Auch nach der Ausbildung stehe ich dir weiterhin kostenlos f\u00fcr Fragen und Austausch zur Verf\u00fcgung.<\/strong><\/p>\n<p data-start=\"1474\" data-end=\"1675\">Ich habe bereits <strong data-start=\"1491\" data-end=\"1531\">hunderte Menschen in Hypnose gef\u00fchrt<\/strong> \u2013 in meiner Praxis, bei Shows sowie bei Stra\u00dfen- und Strandhypnose. Dieses Wissen gebe ich ehrlich, praxisnah und ohne unn\u00f6tige Theorie weiter.<\/p>\n<hr data-start=\"1677\" data-end=\"1680\" \/>\n<h3 data-start=\"1682\" data-end=\"1709\">Seminarablauf &amp; Inhalte<\/h3>\n<p data-start=\"1711\" data-end=\"1725\"><strong data-start=\"1711\" data-end=\"1725\">Grundlagen<\/strong><\/p>\n<ul data-start=\"1726\" data-end=\"1890\">\n<li data-start=\"1726\" data-end=\"1753\">\n<p data-start=\"1728\" data-end=\"1753\">Was ist Hypnose wirklich?<\/p>\n<\/li>\n<li data-start=\"1754\" data-end=\"1784\">\n<p data-start=\"1756\" data-end=\"1784\">Die drei Gesetze der Hypnose<\/p>\n<\/li>\n<li data-start=\"1785\" data-end=\"1810\">\n<p data-start=\"1787\" data-end=\"1810\">Die Stadien der Hypnose<\/p>\n<\/li>\n<li data-start=\"1811\" data-end=\"1846\">\n<p data-start=\"1813\" data-end=\"1846\">Das Gehirn &amp; das Unterbewusstsein<\/p>\n<\/li>\n<li data-start=\"1847\" data-end=\"1890\">\n<p data-start=\"1849\" data-end=\"1890\">Chancen und m\u00f6gliche Gefahren der Hypnose<\/p>\n<\/li>\n<\/ul>\n<p data-start=\"1892\" data-end=\"1912\"><strong data-start=\"1892\" data-end=\"1912\">Hypnosetechniken<\/strong><\/p>\n<ul data-start=\"1913\" data-end=\"2160\">\n<li data-start=\"1913\" data-end=\"1931\">\n<p data-start=\"1915\" data-end=\"1931\">Elman-Einleitung<\/p>\n<\/li>\n<li data-start=\"1932\" data-end=\"1946\">\n<p data-start=\"1934\" data-end=\"1946\">Blitzhypnose<\/p>\n<\/li>\n<li data-start=\"1947\" data-end=\"1963\">\n<p data-start=\"1949\" data-end=\"1963\">Schreckhypnose<\/p>\n<\/li>\n<li data-start=\"1964\" data-end=\"1982\">\n<p data-start=\"1966\" data-end=\"1982\">Fixationsmethode<\/p>\n<\/li>\n<li data-start=\"1983\" data-end=\"2018\">\n<p data-start=\"1985\" data-end=\"2018\">Therapeutische Hypnose-Einleitung<\/p>\n<\/li>\n<li data-start=\"2019\" data-end=\"2051\">\n<p data-start=\"2021\" data-end=\"2051\">Fraktionierung &amp; Armlevitation<\/p>\n<\/li>\n<li data-start=\"2052\" data-end=\"2091\">\n<p data-start=\"2054\" data-end=\"2091\">Sichere und saubere Hypnose-Aufl\u00f6sung<\/p>\n<\/li>\n<li data-start=\"2092\" data-end=\"2143\">\n<p data-start=\"2094\" data-end=\"2143\">Posthypnotische Suggestionen korrekt installieren<\/p>\n<\/li>\n<li data-start=\"2144\" data-end=\"2160\">\n<p data-start=\"2146\" data-end=\"2160\">Gruppenhypnose<\/p>\n<\/li>\n<\/ul>\n<p data-start=\"2162\" data-end=\"2184\"><strong data-start=\"2162\" data-end=\"2184\">Praxis &amp; Anwendung<\/strong><\/p>\n<ul data-start=\"2185\" data-end=\"2438\">\n<li data-start=\"2185\" data-end=\"2232\">\n<p data-start=\"2187\" data-end=\"2232\">Vorf\u00fchrung verschiedener Hypnose-Einleitungen<\/p>\n<\/li>\n<li data-start=\"2233\" data-end=\"2266\">\n<p data-start=\"2235\" data-end=\"2266\">Hypnosesitzung: Blockaden l\u00f6sen<\/p>\n<\/li>\n<li data-start=\"2267\" data-end=\"2320\">\n<p data-start=\"2269\" data-end=\"2320\">St\u00e4rkung von Selbstbewusstsein &amp; sicherem Auftreten<\/p>\n<\/li>\n<li data-start=\"2321\" data-end=\"2354\">\n<p data-start=\"2323\" data-end=\"2354\">Umfangreiche praktische \u00dcbungen<\/p>\n<\/li>\n<li data-start=\"2355\" data-end=\"2388\">\n<p data-start=\"2357\" data-end=\"2388\">Gruppensitzung f\u00fcr Hypnotiseure<\/p>\n<\/li>\n<li data-start=\"2389\" data-end=\"2438\">\n<p data-start=\"2391\" data-end=\"2438\">20 verschiedene sofort einsetzbare Hypnose-Texte<\/p>\n<\/li>\n<\/ul>\n<p data-start=\"2440\" data-end=\"2453\"><strong data-start=\"2440\" data-end=\"2453\">Abschluss<\/strong><\/p>\n<ul data-start=\"2454\" data-end=\"2485\">\n<li data-start=\"2454\" data-end=\"2485\">\n<p data-start=\"2456\" data-end=\"2485\">Zertifikat \u00fcber die Teilnahme<\/p>\n<\/li>\n<\/ul>\n<hr data-start=\"2487\" data-end=\"2490\" \/>\n<h3 data-start=\"2492\" data-end=\"2507\">Investition<\/h3>\n<p data-start=\"2509\" data-end=\"2579\"><strong data-start=\"2509\" data-end=\"2519\">Preis:<\/strong> 890 \u20ac<br data-start=\"2525\" data-end=\"2528\" \/>inkl. alkoholfreier Erfrischungsgetr\u00e4nke &amp; Geb\u00e4ck<\/p>\n<p>\u00a0<\/p>\n<p data-start=\"2581\" data-end=\"2619\">\u00a0<strong data-start=\"2583\" data-end=\"2619\">Ratenzahlung auf Anfrage m\u00f6glich<\/strong><\/p>\t\t\t\t\t\t<\/div>\n\t\t\t\t<\/div>\n\t\t\t\t\t<\/div>\n\t\t<\/div>\n\t\t\t\t\t\t\t<\/div>\n\t\t<\/section>\n\t\t\t\t\t\t\t<\/div>\n\t\t","protected":false},"excerpt":{"rendered":"<p>Ausbildung zum Hypnose-Coach Jederzeit nach individueller Terminabsprache m\u00f6glich Diese Ausbildung richtet sich an alle, die Hypnose nicht nur verstehen, sondern wirklich anwenden und beherrschen m\u00f6chten \u2013 praxisnah, seri\u00f6s und fundiert. Du lernst die klassische Hypnose, inklusive\u00a0Blitzhypnose\u00a0Schreckhypnose\u00a0Grundlagen der therapeutischen Hypnose F\u00fcr wen ist diese Ausbildung geeignet? Diese Ausbildung ist ideal f\u00fcr dich, wenn du: nicht nur [&hellip;]<\/p>\n","protected":false},"author":1,"featured_media":0,"parent":0,"menu_order":0,"comment_status":"closed","ping_status":"closed","template":"","meta":{"footnotes":""},"class_list":["post-174","page","type-page","status-publish","hentry"],"yoast_head":"<!-- This site is optimized with the Yoast SEO plugin v24.3 - https:\/\/yoast.com\/wordpress\/plugins\/seo\/ -->\n<title>Veranstaltungen, Seminare - Dirk Siemer - Hypnosetherapeut<\/title>\n<meta name=\"robots\" content=\"index, follow, max-snippet:-1, max-image-preview:large, max-video-preview:-1\" \/>\n<link rel=\"canonical\" href=\"http:\/\/ds-hypnose.de\/index.php\/veranstaltungen-seminare\/\" \/>\n<meta property=\"og:locale\" content=\"de_DE\" \/>\n<meta property=\"og:type\" content=\"article\" \/>\n<meta property=\"og:title\" content=\"Veranstaltungen, Seminare - Dirk Siemer - Hypnosetherapeut\" \/>\n<meta property=\"og:description\" content=\"Ausbildung zum Hypnose-Coach Jederzeit nach individueller Terminabsprache m\u00f6glich Diese Ausbildung richtet sich an alle, die Hypnose nicht nur verstehen, sondern wirklich anwenden und beherrschen m\u00f6chten \u2013 praxisnah, seri\u00f6s und fundiert. Du lernst die klassische Hypnose, inklusive\u00a0Blitzhypnose\u00a0Schreckhypnose\u00a0Grundlagen der therapeutischen Hypnose F\u00fcr wen ist diese Ausbildung geeignet? Diese Ausbildung ist ideal f\u00fcr dich, wenn du: nicht nur [&hellip;]\" \/>\n<meta property=\"og:url\" content=\"http:\/\/ds-hypnose.de\/index.php\/veranstaltungen-seminare\/\" \/>\n<meta property=\"og:site_name\" content=\"Dirk Siemer - Hypnosetherapeut\" \/>\n<meta property=\"article:modified_time\" content=\"2025-12-12T23:33:35+00:00\" \/>\n<meta property=\"og:image\" content=\"http:\/\/ds-hypnose.de\/wp-content\/uploads\/2022\/10\/hypnose1.jpg\" \/>\n<meta name=\"twitter:card\" content=\"summary_large_image\" \/>\n<meta name=\"twitter:label1\" content=\"Gesch\u00e4tzte Lesezeit\" \/>\n\t<meta name=\"twitter:data1\" content=\"2\u00a0Minuten\" \/>\n<script type=\"application\/ld+json\" class=\"yoast-schema-graph\">{\"@context\":\"https:\/\/schema.org\",\"@graph\":[{\"@type\":\"WebPage\",\"@id\":\"http:\/\/ds-hypnose.de\/index.php\/veranstaltungen-seminare\/\",\"url\":\"http:\/\/ds-hypnose.de\/index.php\/veranstaltungen-seminare\/\",\"name\":\"Veranstaltungen, Seminare - Dirk Siemer - Hypnosetherapeut\",\"isPartOf\":{\"@id\":\"https:\/\/ds-hypnose.de\/#website\"},\"primaryImageOfPage\":{\"@id\":\"http:\/\/ds-hypnose.de\/index.php\/veranstaltungen-seminare\/#primaryimage\"},\"image\":{\"@id\":\"http:\/\/ds-hypnose.de\/index.php\/veranstaltungen-seminare\/#primaryimage\"},\"thumbnailUrl\":\"http:\/\/ds-hypnose.de\/wp-content\/uploads\/2022\/10\/hypnose1.jpg\",\"datePublished\":\"2022-10-19T06:45:23+00:00\",\"dateModified\":\"2025-12-12T23:33:35+00:00\",\"breadcrumb\":{\"@id\":\"http:\/\/ds-hypnose.de\/index.php\/veranstaltungen-seminare\/#breadcrumb\"},\"inLanguage\":\"de\",\"potentialAction\":[{\"@type\":\"ReadAction\",\"target\":[\"http:\/\/ds-hypnose.de\/index.php\/veranstaltungen-seminare\/\"]}]},{\"@type\":\"ImageObject\",\"inLanguage\":\"de\",\"@id\":\"http:\/\/ds-hypnose.de\/index.php\/veranstaltungen-seminare\/#primaryimage\",\"url\":\"http:\/\/ds-hypnose.de\/wp-content\/uploads\/2022\/10\/hypnose1.jpg\",\"contentUrl\":\"http:\/\/ds-hypnose.de\/wp-content\/uploads\/2022\/10\/hypnose1.jpg\"},{\"@type\":\"BreadcrumbList\",\"@id\":\"http:\/\/ds-hypnose.de\/index.php\/veranstaltungen-seminare\/#breadcrumb\",\"itemListElement\":[{\"@type\":\"ListItem\",\"position\":1,\"name\":\"Startseite\",\"item\":\"https:\/\/ds-hypnose.de\/\"},{\"@type\":\"ListItem\",\"position\":2,\"name\":\"Veranstaltungen, Seminare\"}]},{\"@type\":\"WebSite\",\"@id\":\"https:\/\/ds-hypnose.de\/#website\",\"url\":\"https:\/\/ds-hypnose.de\/\",\"name\":\"Dirk Siemer - Hypnosetherapeut\",\"description\":\"\u201eWenn es innen wieder leiser werden darf.\u201c\",\"publisher\":{\"@id\":\"https:\/\/ds-hypnose.de\/#organization\"},\"potentialAction\":[{\"@type\":\"SearchAction\",\"target\":{\"@type\":\"EntryPoint\",\"urlTemplate\":\"https:\/\/ds-hypnose.de\/?s={search_term_string}\"},\"query-input\":{\"@type\":\"PropertyValueSpecification\",\"valueRequired\":true,\"valueName\":\"search_term_string\"}}],\"inLanguage\":\"de\"},{\"@type\":\"Organization\",\"@id\":\"https:\/\/ds-hypnose.de\/#organization\",\"name\":\"Dirk Siemer - Hypnosetherapeut\",\"url\":\"https:\/\/ds-hypnose.de\/\",\"logo\":{\"@type\":\"ImageObject\",\"inLanguage\":\"de\",\"@id\":\"https:\/\/ds-hypnose.de\/#\/schema\/logo\/image\/\",\"url\":\"http:\/\/ds-hypnose.de\/wp-content\/uploads\/2022\/10\/PicsArt_04-15-03.37.55.jpg\",\"contentUrl\":\"http:\/\/ds-hypnose.de\/wp-content\/uploads\/2022\/10\/PicsArt_04-15-03.37.55.jpg\",\"width\":257,\"height\":341,\"caption\":\"Dirk Siemer - Hypnosetherapeut\"},\"image\":{\"@id\":\"https:\/\/ds-hypnose.de\/#\/schema\/logo\/image\/\"}}]}<\/script>\n<!-- \/ Yoast SEO plugin. -->","yoast_head_json":{"title":"Veranstaltungen, Seminare - Dirk Siemer - Hypnosetherapeut","robots":{"index":"index","follow":"follow","max-snippet":"max-snippet:-1","max-image-preview":"max-image-preview:large","max-video-preview":"max-video-preview:-1"},"canonical":"http:\/\/ds-hypnose.de\/index.php\/veranstaltungen-seminare\/","og_locale":"de_DE","og_type":"article","og_title":"Veranstaltungen, Seminare - Dirk Siemer - Hypnosetherapeut","og_description":"Ausbildung zum Hypnose-Coach Jederzeit nach individueller Terminabsprache m\u00f6glich Diese Ausbildung richtet sich an alle, die Hypnose nicht nur verstehen, sondern wirklich anwenden und beherrschen m\u00f6chten \u2013 praxisnah, seri\u00f6s und fundiert. Du lernst die klassische Hypnose, inklusive\u00a0Blitzhypnose\u00a0Schreckhypnose\u00a0Grundlagen der therapeutischen Hypnose F\u00fcr wen ist diese Ausbildung geeignet? Diese Ausbildung ist ideal f\u00fcr dich, wenn du: nicht nur [&hellip;]","og_url":"http:\/\/ds-hypnose.de\/index.php\/veranstaltungen-seminare\/","og_site_name":"Dirk Siemer - Hypnosetherapeut","article_modified_time":"2025-12-12T23:33:35+00:00","og_image":[{"url":"http:\/\/ds-hypnose.de\/wp-content\/uploads\/2022\/10\/hypnose1.jpg","type":"","width":"","height":""}],"twitter_card":"summary_large_image","twitter_misc":{"Gesch\u00e4tzte Lesezeit":"2\u00a0Minuten"},"schema":{"@context":"https:\/\/schema.org","@graph":[{"@type":"WebPage","@id":"http:\/\/ds-hypnose.de\/index.php\/veranstaltungen-seminare\/","url":"http:\/\/ds-hypnose.de\/index.php\/veranstaltungen-seminare\/","name":"Veranstaltungen, Seminare - Dirk Siemer - Hypnosetherapeut","isPartOf":{"@id":"https:\/\/ds-hypnose.de\/#website"},"primaryImageOfPage":{"@id":"http:\/\/ds-hypnose.de\/index.php\/veranstaltungen-seminare\/#primaryimage"},"image":{"@id":"http:\/\/ds-hypnose.de\/index.php\/veranstaltungen-seminare\/#primaryimage"},"thumbnailUrl":"http:\/\/ds-hypnose.de\/wp-content\/uploads\/2022\/10\/hypnose1.jpg","datePublished":"2022-10-19T06:45:23+00:00","dateModified":"2025-12-12T23:33:35+00:00","breadcrumb":{"@id":"http:\/\/ds-hypnose.de\/index.php\/veranstaltungen-seminare\/#breadcrumb"},"inLanguage":"de","potentialAction":[{"@type":"ReadAction","target":["http:\/\/ds-hypnose.de\/index.php\/veranstaltungen-seminare\/"]}]},{"@type":"ImageObject","inLanguage":"de","@id":"http:\/\/ds-hypnose.de\/index.php\/veranstaltungen-seminare\/#primaryimage","url":"http:\/\/ds-hypnose.de\/wp-content\/uploads\/2022\/10\/hypnose1.jpg","contentUrl":"http:\/\/ds-hypnose.de\/wp-content\/uploads\/2022\/10\/hypnose1.jpg"},{"@type":"BreadcrumbList","@id":"http:\/\/ds-hypnose.de\/index.php\/veranstaltungen-seminare\/#breadcrumb","itemListElement":[{"@type":"ListItem","position":1,"name":"Startseite","item":"https:\/\/ds-hypnose.de\/"},{"@type":"ListItem","position":2,"name":"Veranstaltungen, Seminare"}]},{"@type":"WebSite","@id":"https:\/\/ds-hypnose.de\/#website","url":"https:\/\/ds-hypnose.de\/","name":"Dirk Siemer - Hypnosetherapeut","description":"\u201eWenn es innen wieder leiser werden darf.\u201c","publisher":{"@id":"https:\/\/ds-hypnose.de\/#organization"},"potentialAction":[{"@type":"SearchAction","target":{"@type":"EntryPoint","urlTemplate":"https:\/\/ds-hypnose.de\/?s={search_term_string}"},"query-input":{"@type":"PropertyValueSpecification","valueRequired":true,"valueName":"search_term_string"}}],"inLanguage":"de"},{"@type":"Organization","@id":"https:\/\/ds-hypnose.de\/#organization","name":"Dirk Siemer - Hypnosetherapeut","url":"https:\/\/ds-hypnose.de\/","logo":{"@type":"ImageObject","inLanguage":"de","@id":"https:\/\/ds-hypnose.de\/#\/schema\/logo\/image\/","url":"http:\/\/ds-hypnose.de\/wp-content\/uploads\/2022\/10\/PicsArt_04-15-03.37.55.jpg","contentUrl":"http:\/\/ds-hypnose.de\/wp-content\/uploads\/2022\/10\/PicsArt_04-15-03.37.55.jpg","width":257,"height":341,"caption":"Dirk Siemer - Hypnosetherapeut"},"image":{"@id":"https:\/\/ds-hypnose.de\/#\/schema\/logo\/image\/"}}]}},"_links":{"self":[{"href":"https:\/\/ds-hypnose.de\/index.php\/wp-json\/wp\/v2\/pages\/174","targetHints":{"allow":["GET"]}}],"collection":[{"href":"https:\/\/ds-hypnose.de\/index.php\/wp-json\/wp\/v2\/pages"}],"about":[{"href":"https:\/\/ds-hypnose.de\/index.php\/wp-json\/wp\/v2\/types\/page"}],"author":[{"embeddable":true,"href":"https:\/\/ds-hypnose.de\/index.php\/wp-json\/wp\/v2\/users\/1"}],"replies":[{"embeddable":true,"href":"https:\/\/ds-hypnose.de\/index.php\/wp-json\/wp\/v2\/comments?post=174"}],"version-history":[{"count":23,"href":"https:\/\/ds-hypnose.de\/index.php\/wp-json\/wp\/v2\/pages\/174\/revisions"}],"predecessor-version":[{"id":489,"href":"https:\/\/ds-hypnose.de\/index.php\/wp-json\/wp\/v2\/pages\/174\/revisions\/489"}],"wp:attachment":[{"href":"https:\/\/ds-hypnose.de\/index.php\/wp-json\/wp\/v2\/media?parent=174"}],"curies":[{"name":"wp","href":"https:\/\/api.w.org\/{rel}","templated":true}]}}