{"id":152,"date":"2022-10-19T06:44:01","date_gmt":"2022-10-19T06:44:01","guid":{"rendered":"http:\/\/ds-hypnose.de\/?page_id=152"},"modified":"2022-10-19T07:36:33","modified_gmt":"2022-10-19T07:36:33","slug":"raucherentwoehnung","status":"publish","type":"page","link":"https:\/\/ds-hypnose.de\/index.php\/raucherentwoehnung\/","title":{"rendered":"Raucherentw\u00f6hnung"},"content":{"rendered":"\t\t<div data-elementor-type=\"wp-page\" data-elementor-id=\"152\" class=\"elementor elementor-152\">\n\t\t\t\t\t\t\t\t\t<section class=\"elementor-section elementor-top-section elementor-element elementor-element-9acb7ed elementor-section-boxed elementor-section-height-default elementor-section-height-default\" data-id=\"9acb7ed\" data-element_type=\"section\">\n\t\t\t\t\t\t<div class=\"elementor-container elementor-column-gap-default\">\n\t\t\t\t\t<div class=\"aux-parallax-section elementor-column elementor-col-100 elementor-top-column elementor-element elementor-element-e93c60a\" data-id=\"e93c60a\" data-element_type=\"column\">\n\t\t\t<div class=\"elementor-widget-wrap elementor-element-populated\">\n\t\t\t\t\t\t\t\t<div class=\"elementor-element elementor-element-2dfcbb2 elementor-widget elementor-widget-image\" data-id=\"2dfcbb2\" data-element_type=\"widget\" data-widget_type=\"image.default\">\n\t\t\t\t<div class=\"elementor-widget-container\">\n\t\t\t\t\t\t\t\t\t\t\t\t\t\t\t<img decoding=\"async\" width=\"240\" height=\"180\" src=\"https:\/\/ds-hypnose.de\/wp-content\/uploads\/2022\/10\/cigarette-end-488402__180.jpg\" class=\"attachment-large size-large wp-image-289\" alt=\"\" srcset=\"https:\/\/ds-hypnose.de\/wp-content\/uploads\/2022\/10\/cigarette-end-488402__180.jpg 240w, https:\/\/ds-hypnose.de\/wp-content\/uploads\/2022\/10\/cigarette-end-488402__180-200x150.jpg 200w\" sizes=\"(max-width: 240px) 100vw, 240px\" \/>\t\t\t\t\t\t\t\t\t\t\t\t\t\t\t<\/div>\n\t\t\t\t<\/div>\n\t\t\t\t\t<\/div>\n\t\t<\/div>\n\t\t\t\t\t\t\t<\/div>\n\t\t<\/section>\n\t\t\t\t<section class=\"elementor-section elementor-top-section elementor-element elementor-element-585ca22 elementor-section-boxed elementor-section-height-default elementor-section-height-default\" data-id=\"585ca22\" data-element_type=\"section\">\n\t\t\t\t\t\t<div class=\"elementor-container elementor-column-gap-default\">\n\t\t\t\t\t<div class=\"aux-parallax-section elementor-column elementor-col-100 elementor-top-column elementor-element elementor-element-63840d3\" data-id=\"63840d3\" data-element_type=\"column\">\n\t\t\t<div class=\"elementor-widget-wrap elementor-element-populated\">\n\t\t\t\t\t\t\t\t<div class=\"elementor-element elementor-element-ca809ef elementor-widget elementor-widget-text-editor\" data-id=\"ca809ef\" data-element_type=\"widget\" data-widget_type=\"text-editor.default\">\n\t\t\t\t<div class=\"elementor-widget-container\">\n\t\t\t\t\t\t\t<p style=\"text-align: center;\"><span style=\"color: #000000; font-size: 12pt;\">Das Rauchen nicht unbedingt gesundheitsf\u00f6rdernd ist, ist mittlerweile wohl hinl\u00e4nglich bekannt. Das Rauchen \u00e4u\u00dferst teuer ist, ist auch nicht zu leugnen. Trotzdem f\u00e4llt es den meisten Rauchern sehr schwer, diese ungesunde und kostspielige Angewohnheit wieder aufzugeben.<\/span><br \/><span style=\"color: #000000; font-size: 12pt;\">Der Wunsch,\u00a0<a id=\"_GPLITA_1\" style=\"padding: 0px; margin: 0px; color: #000000; text-decoration: none;\" title=\"Click to Continue &gt; by CouponDropDown\" href=\"http:\/\/www.ds-hypnose.com\/anwendungen\/raucherentw%C3%B6hnung\/\">mit dem Rauchen aufzuh\u00f6ren<\/a>, ist zwar vorhanden, aber h\u00e4ufig fehlt das notwendige Durchhalteverm\u00f6gen, die Sucht g\u00e4nzlich aufzugeben.<\/span><\/p><p style=\"text-align: center;\"><span style=\"color: #000000; font-size: 12pt;\">Eine Raucherentw\u00f6hnung durchzuf\u00fchren, ist ein sehr anspruchsvolles Unterfangen. Nur wenn Sie wirklich aufh\u00f6ren m\u00f6chten und es Ihr ausdr\u00fccklicher Wunsch ist, die Raucherentw\u00f6hnung zu schaffen, k\u00f6nnen Sie langfristig vom Rauchen loskommen. Viele Menschen starten halbherzige Versuche, mit dem Rauchen aufzuh\u00f6ren. Sie starten eine Raucherentw\u00f6hnung beispielsweise nur, weil der Partner Sie darum bittet oder weil Rauchen eine\u00a0<a id=\"_GPLITA_2\" style=\"padding: 0px; margin: 0px; color: #000000; text-decoration: none;\" title=\"Click to Continue &gt; by CouponDropDown\" href=\"http:\/\/www.ds-hypnose.com\/anwendungen\/raucherentw%C3%B6hnung\/\">finanzielle Belastung<\/a>\u00a0darstellt. Aber sie selbst m\u00f6chten eigentlich so weitermachen und w\u00fcrden, wenn sie k\u00f6nnten, weiter rauchen.<\/span><br \/><span style=\"color: #000000; font-size: 12pt;\">Diese Menschen haben es sehr schwer, die Raucherentw\u00f6hnung zu schaffen. Wer dieses schwierige Unterfangen beginnt ohne die n\u00f6tige Willensst\u00e4rke und ohne gen\u00fcgend Eigenmotivation, wird es sehr schwer haben.\u00a0 Nur, wer wirklich selbst aufh\u00f6ren m\u00f6chte, kann sich selbst so unterst\u00fctzen und motivieren, dass es klappt. Es gibt verschiedene Methoden, eine Raucherentw\u00f6hnung zu unterst\u00fctzen. Von Pflastern, Sprays, Tabletten, Kaugummis \u00fcber Spritzen, Akupunktur, Ratgeber-B\u00fccher bis hin zur Hypnose. Welchen Weg Sie einschlagen m\u00f6chten und welche Methode bei einer Raucherentw\u00f6hnung Ihnen die gr\u00f6\u00dfte Unterst\u00fctzung bietet, m\u00fcssen Sie selbst entscheiden. Die meisten Raucher bevorzugen bei der Raucherentw\u00f6hnung den sofortigen Entzug. Sie setzen sich also einen Termin, ab wann Sie nicht mehr rauchen m\u00f6chten und stoppen dann sofort mit dem Rauchen. Einige bevorzugen bei der Raucherentw\u00f6hnung die schrittweise Entw\u00f6hnung. Dabei wird die Anzahl der gerauchten Zigaretten nach und nach herabgesetzt. F\u00fcr welche Methode Sie sich entscheiden, bleibt auch hier wieder Ihnen \u00fcberlassen. Sie sollten die Raucherentw\u00f6hnung so durchf\u00fchren, wie Sie Ihnen am erfolgversprechendsten erscheint. Allerdings sollten Sie eine Sache beachten: Wenn Sie sich in einer extrem stressigen Lebensphase befinden, beispielsweise haben Sie sich gerade von Ihrem Partner getrennt oder Sie haben gro\u00dfe Probleme im Job, dann sollten Sie abw\u00e4gen, ob dies der richtige Zeitpunkt ist, eine Raucherentw\u00f6hnung zu beginnen. Denn gerade wenn enormer Stress von au\u00dfen auf Sie einwirkt, ist es sehr schwierig, die Raucherentw\u00f6hnung erfolgreich durchzuziehen. Auch hier m\u00fcssen Sie selbst Ihre Situation\u00a0 abw\u00e4gen.<\/span><br \/><span style=\"color: #000000; font-size: 12pt;\">Vielleicht ist aber auch jetzt der richtige Zeitpunkt, mit alten Gewohnheiten zu brechen und neue Dinge zu wagen? Vielleicht haben Sie momentan so viel Stress um die Ohren, dass Sie ohnehin kaum zum Rauchen kommen und daher ebenso gut versuchen k\u00f6nnen, auf die restlichen Zigaretten ebenfalls zu verzichten? Den geeigneten Zeitpunkt kennen nur Sie selbst. Wer eine schwere Grunderkrankung hat, wird vielleicht eine sofortige Raucherentw\u00f6hnung durch den Arzt verordnet bekommen. Hier kann man nicht lange auf den optimalen Zeitpunkt warten. Wer einen schweren Herzinfarkt hinter sich hat, spielt wom\u00f6glich mit seinem Leben. Hier bleibt nur die sofortige Raucherentw\u00f6hnung, will man kein weiteres Risiko eingehen.<\/span><\/p>\t\t\t\t\t\t<\/div>\n\t\t\t\t<\/div>\n\t\t\t\t\t<\/div>\n\t\t<\/div>\n\t\t\t\t\t\t\t<\/div>\n\t\t<\/section>\n\t\t\t\t\t\t\t<\/div>\n\t\t","protected":false},"excerpt":{"rendered":"<p>Das Rauchen nicht unbedingt gesundheitsf\u00f6rdernd ist, ist mittlerweile wohl hinl\u00e4nglich bekannt. Das Rauchen \u00e4u\u00dferst teuer ist, ist auch nicht zu leugnen. Trotzdem f\u00e4llt es den meisten Rauchern sehr schwer, diese ungesunde und kostspielige Angewohnheit wieder aufzugeben.Der Wunsch,\u00a0mit dem Rauchen aufzuh\u00f6ren, ist zwar vorhanden, aber h\u00e4ufig fehlt das notwendige Durchhalteverm\u00f6gen, die Sucht g\u00e4nzlich aufzugeben. Eine Raucherentw\u00f6hnung [&hellip;]<\/p>\n","protected":false},"author":1,"featured_media":0,"parent":0,"menu_order":0,"comment_status":"closed","ping_status":"closed","template":"","meta":{"footnotes":""},"class_list":["post-152","page","type-page","status-publish","hentry"],"yoast_head":"<!-- This site is optimized with the Yoast SEO plugin v24.3 - https:\/\/yoast.com\/wordpress\/plugins\/seo\/ -->\n<title>Raucherentw\u00f6hnung - Dirk Siemer - Hypnosetherapeut<\/title>\n<meta name=\"robots\" content=\"index, follow, max-snippet:-1, max-image-preview:large, max-video-preview:-1\" \/>\n<link rel=\"canonical\" href=\"https:\/\/ds-hypnose.de\/index.php\/raucherentwoehnung\/\" \/>\n<meta property=\"og:locale\" content=\"de_DE\" \/>\n<meta property=\"og:type\" content=\"article\" \/>\n<meta property=\"og:title\" content=\"Raucherentw\u00f6hnung - Dirk Siemer - Hypnosetherapeut\" \/>\n<meta property=\"og:description\" content=\"Das Rauchen nicht unbedingt gesundheitsf\u00f6rdernd ist, ist mittlerweile wohl hinl\u00e4nglich bekannt. Das Rauchen \u00e4u\u00dferst teuer ist, ist auch nicht zu leugnen. Trotzdem f\u00e4llt es den meisten Rauchern sehr schwer, diese ungesunde und kostspielige Angewohnheit wieder aufzugeben.Der Wunsch,\u00a0mit dem Rauchen aufzuh\u00f6ren, ist zwar vorhanden, aber h\u00e4ufig fehlt das notwendige Durchhalteverm\u00f6gen, die Sucht g\u00e4nzlich aufzugeben. Eine Raucherentw\u00f6hnung [&hellip;]\" \/>\n<meta property=\"og:url\" content=\"https:\/\/ds-hypnose.de\/index.php\/raucherentwoehnung\/\" \/>\n<meta property=\"og:site_name\" content=\"Dirk Siemer - Hypnosetherapeut\" \/>\n<meta property=\"article:modified_time\" content=\"2022-10-19T07:36:33+00:00\" \/>\n<meta property=\"og:image\" content=\"http:\/\/ds-hypnose.de\/wp-content\/uploads\/2022\/10\/cigarette-end-488402__180.jpg\" \/>\n<meta name=\"twitter:card\" content=\"summary_large_image\" \/>\n<meta name=\"twitter:label1\" content=\"Gesch\u00e4tzte Lesezeit\" \/>\n\t<meta name=\"twitter:data1\" content=\"3\u00a0Minuten\" \/>\n<script type=\"application\/ld+json\" class=\"yoast-schema-graph\">{\"@context\":\"https:\/\/schema.org\",\"@graph\":[{\"@type\":\"WebPage\",\"@id\":\"https:\/\/ds-hypnose.de\/index.php\/raucherentwoehnung\/\",\"url\":\"https:\/\/ds-hypnose.de\/index.php\/raucherentwoehnung\/\",\"name\":\"Raucherentw\u00f6hnung - Dirk Siemer - Hypnosetherapeut\",\"isPartOf\":{\"@id\":\"https:\/\/ds-hypnose.de\/#website\"},\"primaryImageOfPage\":{\"@id\":\"https:\/\/ds-hypnose.de\/index.php\/raucherentwoehnung\/#primaryimage\"},\"image\":{\"@id\":\"https:\/\/ds-hypnose.de\/index.php\/raucherentwoehnung\/#primaryimage\"},\"thumbnailUrl\":\"http:\/\/ds-hypnose.de\/wp-content\/uploads\/2022\/10\/cigarette-end-488402__180.jpg\",\"datePublished\":\"2022-10-19T06:44:01+00:00\",\"dateModified\":\"2022-10-19T07:36:33+00:00\",\"breadcrumb\":{\"@id\":\"https:\/\/ds-hypnose.de\/index.php\/raucherentwoehnung\/#breadcrumb\"},\"inLanguage\":\"de\",\"potentialAction\":[{\"@type\":\"ReadAction\",\"target\":[\"https:\/\/ds-hypnose.de\/index.php\/raucherentwoehnung\/\"]}]},{\"@type\":\"ImageObject\",\"inLanguage\":\"de\",\"@id\":\"https:\/\/ds-hypnose.de\/index.php\/raucherentwoehnung\/#primaryimage\",\"url\":\"https:\/\/ds-hypnose.de\/wp-content\/uploads\/2022\/10\/cigarette-end-488402__180.jpg\",\"contentUrl\":\"https:\/\/ds-hypnose.de\/wp-content\/uploads\/2022\/10\/cigarette-end-488402__180.jpg\",\"width\":240,\"height\":180},{\"@type\":\"BreadcrumbList\",\"@id\":\"https:\/\/ds-hypnose.de\/index.php\/raucherentwoehnung\/#breadcrumb\",\"itemListElement\":[{\"@type\":\"ListItem\",\"position\":1,\"name\":\"Startseite\",\"item\":\"https:\/\/ds-hypnose.de\/\"},{\"@type\":\"ListItem\",\"position\":2,\"name\":\"Raucherentw\u00f6hnung\"}]},{\"@type\":\"WebSite\",\"@id\":\"https:\/\/ds-hypnose.de\/#website\",\"url\":\"https:\/\/ds-hypnose.de\/\",\"name\":\"Dirk Siemer - Hypnosetherapeut\",\"description\":\"\u201eWenn es innen wieder leiser werden darf.\u201c\",\"publisher\":{\"@id\":\"https:\/\/ds-hypnose.de\/#organization\"},\"potentialAction\":[{\"@type\":\"SearchAction\",\"target\":{\"@type\":\"EntryPoint\",\"urlTemplate\":\"https:\/\/ds-hypnose.de\/?s={search_term_string}\"},\"query-input\":{\"@type\":\"PropertyValueSpecification\",\"valueRequired\":true,\"valueName\":\"search_term_string\"}}],\"inLanguage\":\"de\"},{\"@type\":\"Organization\",\"@id\":\"https:\/\/ds-hypnose.de\/#organization\",\"name\":\"Dirk Siemer - Hypnosetherapeut\",\"url\":\"https:\/\/ds-hypnose.de\/\",\"logo\":{\"@type\":\"ImageObject\",\"inLanguage\":\"de\",\"@id\":\"https:\/\/ds-hypnose.de\/#\/schema\/logo\/image\/\",\"url\":\"http:\/\/ds-hypnose.de\/wp-content\/uploads\/2022\/10\/PicsArt_04-15-03.37.55.jpg\",\"contentUrl\":\"http:\/\/ds-hypnose.de\/wp-content\/uploads\/2022\/10\/PicsArt_04-15-03.37.55.jpg\",\"width\":257,\"height\":341,\"caption\":\"Dirk Siemer - Hypnosetherapeut\"},\"image\":{\"@id\":\"https:\/\/ds-hypnose.de\/#\/schema\/logo\/image\/\"}}]}<\/script>\n<!-- \/ Yoast SEO plugin. -->","yoast_head_json":{"title":"Raucherentw\u00f6hnung - Dirk Siemer - Hypnosetherapeut","robots":{"index":"index","follow":"follow","max-snippet":"max-snippet:-1","max-image-preview":"max-image-preview:large","max-video-preview":"max-video-preview:-1"},"canonical":"https:\/\/ds-hypnose.de\/index.php\/raucherentwoehnung\/","og_locale":"de_DE","og_type":"article","og_title":"Raucherentw\u00f6hnung - Dirk Siemer - Hypnosetherapeut","og_description":"Das Rauchen nicht unbedingt gesundheitsf\u00f6rdernd ist, ist mittlerweile wohl hinl\u00e4nglich bekannt. Das Rauchen \u00e4u\u00dferst teuer ist, ist auch nicht zu leugnen. Trotzdem f\u00e4llt es den meisten Rauchern sehr schwer, diese ungesunde und kostspielige Angewohnheit wieder aufzugeben.Der Wunsch,\u00a0mit dem Rauchen aufzuh\u00f6ren, ist zwar vorhanden, aber h\u00e4ufig fehlt das notwendige Durchhalteverm\u00f6gen, die Sucht g\u00e4nzlich aufzugeben. Eine Raucherentw\u00f6hnung [&hellip;]","og_url":"https:\/\/ds-hypnose.de\/index.php\/raucherentwoehnung\/","og_site_name":"Dirk Siemer - Hypnosetherapeut","article_modified_time":"2022-10-19T07:36:33+00:00","og_image":[{"url":"http:\/\/ds-hypnose.de\/wp-content\/uploads\/2022\/10\/cigarette-end-488402__180.jpg","type":"","width":"","height":""}],"twitter_card":"summary_large_image","twitter_misc":{"Gesch\u00e4tzte Lesezeit":"3\u00a0Minuten"},"schema":{"@context":"https:\/\/schema.org","@graph":[{"@type":"WebPage","@id":"https:\/\/ds-hypnose.de\/index.php\/raucherentwoehnung\/","url":"https:\/\/ds-hypnose.de\/index.php\/raucherentwoehnung\/","name":"Raucherentw\u00f6hnung - Dirk Siemer - Hypnosetherapeut","isPartOf":{"@id":"https:\/\/ds-hypnose.de\/#website"},"primaryImageOfPage":{"@id":"https:\/\/ds-hypnose.de\/index.php\/raucherentwoehnung\/#primaryimage"},"image":{"@id":"https:\/\/ds-hypnose.de\/index.php\/raucherentwoehnung\/#primaryimage"},"thumbnailUrl":"http:\/\/ds-hypnose.de\/wp-content\/uploads\/2022\/10\/cigarette-end-488402__180.jpg","datePublished":"2022-10-19T06:44:01+00:00","dateModified":"2022-10-19T07:36:33+00:00","breadcrumb":{"@id":"https:\/\/ds-hypnose.de\/index.php\/raucherentwoehnung\/#breadcrumb"},"inLanguage":"de","potentialAction":[{"@type":"ReadAction","target":["https:\/\/ds-hypnose.de\/index.php\/raucherentwoehnung\/"]}]},{"@type":"ImageObject","inLanguage":"de","@id":"https:\/\/ds-hypnose.de\/index.php\/raucherentwoehnung\/#primaryimage","url":"https:\/\/ds-hypnose.de\/wp-content\/uploads\/2022\/10\/cigarette-end-488402__180.jpg","contentUrl":"https:\/\/ds-hypnose.de\/wp-content\/uploads\/2022\/10\/cigarette-end-488402__180.jpg","width":240,"height":180},{"@type":"BreadcrumbList","@id":"https:\/\/ds-hypnose.de\/index.php\/raucherentwoehnung\/#breadcrumb","itemListElement":[{"@type":"ListItem","position":1,"name":"Startseite","item":"https:\/\/ds-hypnose.de\/"},{"@type":"ListItem","position":2,"name":"Raucherentw\u00f6hnung"}]},{"@type":"WebSite","@id":"https:\/\/ds-hypnose.de\/#website","url":"https:\/\/ds-hypnose.de\/","name":"Dirk Siemer - Hypnosetherapeut","description":"\u201eWenn es innen wieder leiser werden darf.\u201c","publisher":{"@id":"https:\/\/ds-hypnose.de\/#organization"},"potentialAction":[{"@type":"SearchAction","target":{"@type":"EntryPoint","urlTemplate":"https:\/\/ds-hypnose.de\/?s={search_term_string}"},"query-input":{"@type":"PropertyValueSpecification","valueRequired":true,"valueName":"search_term_string"}}],"inLanguage":"de"},{"@type":"Organization","@id":"https:\/\/ds-hypnose.de\/#organization","name":"Dirk Siemer - Hypnosetherapeut","url":"https:\/\/ds-hypnose.de\/","logo":{"@type":"ImageObject","inLanguage":"de","@id":"https:\/\/ds-hypnose.de\/#\/schema\/logo\/image\/","url":"http:\/\/ds-hypnose.de\/wp-content\/uploads\/2022\/10\/PicsArt_04-15-03.37.55.jpg","contentUrl":"http:\/\/ds-hypnose.de\/wp-content\/uploads\/2022\/10\/PicsArt_04-15-03.37.55.jpg","width":257,"height":341,"caption":"Dirk Siemer - Hypnosetherapeut"},"image":{"@id":"https:\/\/ds-hypnose.de\/#\/schema\/logo\/image\/"}}]}},"_links":{"self":[{"href":"https:\/\/ds-hypnose.de\/index.php\/wp-json\/wp\/v2\/pages\/152","targetHints":{"allow":["GET"]}}],"collection":[{"href":"https:\/\/ds-hypnose.de\/index.php\/wp-json\/wp\/v2\/pages"}],"about":[{"href":"https:\/\/ds-hypnose.de\/index.php\/wp-json\/wp\/v2\/types\/page"}],"author":[{"embeddable":true,"href":"https:\/\/ds-hypnose.de\/index.php\/wp-json\/wp\/v2\/users\/1"}],"replies":[{"embeddable":true,"href":"https:\/\/ds-hypnose.de\/index.php\/wp-json\/wp\/v2\/comments?post=152"}],"version-history":[{"count":4,"href":"https:\/\/ds-hypnose.de\/index.php\/wp-json\/wp\/v2\/pages\/152\/revisions"}],"predecessor-version":[{"id":292,"href":"https:\/\/ds-hypnose.de\/index.php\/wp-json\/wp\/v2\/pages\/152\/revisions\/292"}],"wp:attachment":[{"href":"https:\/\/ds-hypnose.de\/index.php\/wp-json\/wp\/v2\/media?parent=152"}],"curies":[{"name":"wp","href":"https:\/\/api.w.org\/{rel}","templated":true}]}}