{"id":147,"date":"2022-10-19T06:44:01","date_gmt":"2022-10-19T06:44:01","guid":{"rendered":"http:\/\/ds-hypnose.de\/?page_id=147"},"modified":"2025-12-12T23:46:20","modified_gmt":"2025-12-12T21:46:20","slug":"meine-angebote","status":"publish","type":"page","link":"https:\/\/ds-hypnose.de\/index.php\/meine-angebote\/","title":{"rendered":"Meine Angebote"},"content":{"rendered":"\t\t<div data-elementor-type=\"wp-page\" data-elementor-id=\"147\" class=\"elementor elementor-147\">\n\t\t\t\t\t\t\t\t\t<section class=\"elementor-section elementor-top-section elementor-element elementor-element-5962c4c elementor-section-boxed elementor-section-height-default elementor-section-height-default\" data-id=\"5962c4c\" data-element_type=\"section\">\n\t\t\t\t\t\t<div class=\"elementor-container elementor-column-gap-default\">\n\t\t\t\t\t<div class=\"aux-parallax-section elementor-column elementor-col-100 elementor-top-column elementor-element elementor-element-3961354\" data-id=\"3961354\" data-element_type=\"column\">\n\t\t\t<div class=\"elementor-widget-wrap\">\n\t\t\t\t\t\t\t\t\t<\/div>\n\t\t<\/div>\n\t\t\t\t\t\t\t<\/div>\n\t\t<\/section>\n\t\t\t\t<section class=\"elementor-section elementor-top-section elementor-element elementor-element-139d904 elementor-section-boxed elementor-section-height-default elementor-section-height-default\" data-id=\"139d904\" data-element_type=\"section\">\n\t\t\t\t\t\t<div class=\"elementor-container elementor-column-gap-default\">\n\t\t\t\t\t<div class=\"aux-parallax-section elementor-column elementor-col-100 elementor-top-column elementor-element elementor-element-1cb255c\" data-id=\"1cb255c\" data-element_type=\"column\">\n\t\t\t<div class=\"elementor-widget-wrap\">\n\t\t\t\t\t\t\t\t\t<\/div>\n\t\t<\/div>\n\t\t\t\t\t\t\t<\/div>\n\t\t<\/section>\n\t\t\t\t<section class=\"elementor-section elementor-top-section elementor-element elementor-element-ee6880f elementor-section-boxed elementor-section-height-default elementor-section-height-default\" data-id=\"ee6880f\" data-element_type=\"section\">\n\t\t\t\t\t\t<div class=\"elementor-container elementor-column-gap-default\">\n\t\t\t\t\t<div class=\"aux-parallax-section elementor-column elementor-col-50 elementor-top-column elementor-element elementor-element-6ddb706\" data-id=\"6ddb706\" data-element_type=\"column\">\n\t\t\t<div class=\"elementor-widget-wrap elementor-element-populated\">\n\t\t\t\t\t\t\t\t<div class=\"elementor-element elementor-element-627dfae elementor-widget elementor-widget-text-editor\" data-id=\"627dfae\" data-element_type=\"widget\" data-widget_type=\"text-editor.default\">\n\t\t\t\t<div class=\"elementor-widget-container\">\n\t\t\t\t\t\t\t<ul>\n<li>\u00a0Raucherentw\u00f6hnung<\/li>\n<li>Gewichtsreduktion<\/li>\n<li>Blockaden l\u00f6sen<\/li>\n<li>Tiefenentspannung<\/li>\n<li>Beziehung &#8211; Verhalten<\/li>\n<li>Eifersucht<\/li>\n<li>Trennungsschmerz#<\/li>\n<li>Innere Unruhe<\/li>\n<li>Starke innere \u00dcberforderung<\/li>\n<li>belastende Verhaltensweisen (Alkohol usw.)<\/li>\n<li>Migr\u00e4ne<\/li>\n<\/ul>\t\t\t\t\t\t<\/div>\n\t\t\t\t<\/div>\n\t\t\t\t\t<\/div>\n\t\t<\/div>\n\t\t\t\t<div class=\"aux-parallax-section elementor-column elementor-col-50 elementor-top-column elementor-element elementor-element-8869336\" data-id=\"8869336\" data-element_type=\"column\">\n\t\t\t<div class=\"elementor-widget-wrap elementor-element-populated\">\n\t\t\t\t\t\t\t\t<div class=\"elementor-element elementor-element-6577023 elementor-widget elementor-widget-text-editor\" data-id=\"6577023\" data-element_type=\"widget\" data-widget_type=\"text-editor.default\">\n\t\t\t\t<div class=\"elementor-widget-container\">\n\t\t\t\t\t\t\t<ul>\n<li data-start=\"590\" data-end=\"627\">\n<p data-start=\"592\" data-end=\"627\">Beziehungs \u2013 Empfinden verbessern<\/p>\n<\/li>\n<li data-start=\"628\" data-end=\"654\">\n<p data-start=\"630\" data-end=\"654\">Kinder \u2013 Jugendhypnose<\/p>\n<\/li>\n<li data-start=\"655\" data-end=\"683\">\n<p data-start=\"657\" data-end=\"683\">Konzentrationssteigerung<\/p>\n<\/li>\n<li data-start=\"684\" data-end=\"706\">\n<p data-start=\"686\" data-end=\"706\">Ged\u00e4chtnistraining<\/p>\n<\/li>\n<li data-start=\"707\" data-end=\"724\">\n<p data-start=\"709\" data-end=\"724\">Superlearning<\/p>\n<\/li>\n<li data-start=\"725\" data-end=\"749\">\n<p data-start=\"727\" data-end=\"749\">Motivation f\u00fcr Beruf<\/p>\n<\/li>\n<li data-start=\"750\" data-end=\"772\">\n<p data-start=\"752\" data-end=\"772\">Familie oder Sport<\/p>\n<\/li>\n<li data-start=\"750\" data-end=\"772\">\n<p data-start=\"752\" data-end=\"772\">Burnout<\/p>\n<\/li>\n<\/ul>\t\t\t\t\t\t<\/div>\n\t\t\t\t<\/div>\n\t\t\t\t\t<\/div>\n\t\t<\/div>\n\t\t\t\t\t\t\t<\/div>\n\t\t<\/section>\n\t\t\t\t<section class=\"elementor-section elementor-top-section elementor-element elementor-element-73352612 elementor-section-boxed elementor-section-height-default elementor-section-height-default\" data-id=\"73352612\" data-element_type=\"section\">\n\t\t\t\t\t\t<div class=\"elementor-container elementor-column-gap-default\">\n\t\t\t\t\t<div class=\"aux-parallax-section elementor-column elementor-col-100 elementor-top-column elementor-element elementor-element-4c7aa7fe\" data-id=\"4c7aa7fe\" data-element_type=\"column\">\n\t\t\t<div class=\"elementor-widget-wrap elementor-element-populated\">\n\t\t\t\t\t\t\t\t<div class=\"elementor-element elementor-element-3848ab3 elementor-widget elementor-widget-text-editor\" data-id=\"3848ab3\" data-element_type=\"widget\" data-widget_type=\"text-editor.default\">\n\t\t\t\t<div class=\"elementor-widget-container\">\n\t\t\t\t\t\t\t<p>All diese Themen behandle ich mit professioneller, moderner Hypnose \u2013 individuell, einf\u00fchlsam und l\u00f6sungsorientiert.<br data-start=\"362\" data-end=\"365\" \/>Wenn du Fragen hast oder unsicher bist, ob Hypnose dir in deiner Situation helfen kann, melde dich einfach bei mir.<br data-start=\"480\" data-end=\"483\" \/>Ich beantworte dir jede Frage in Ruhe und v\u00f6llig unverbindlich.<\/p>\t\t\t\t\t\t<\/div>\n\t\t\t\t<\/div>\n\t\t\t\t<div class=\"elementor-element elementor-element-1b27dae7 elementor-widget elementor-widget-text-editor\" data-id=\"1b27dae7\" data-element_type=\"widget\" data-widget_type=\"text-editor.default\">\n\t\t\t\t<div class=\"elementor-widget-container\">\n\t\t\t\t\t\t\t<!-- wp:heading {\"level\":4} -->\n<p>\u00a0<\/p>\n<!-- \/wp:paragraph -->\t\t\t\t\t\t<\/div>\n\t\t\t\t<\/div>\n\t\t\t\t\t<\/div>\n\t\t<\/div>\n\t\t\t\t\t\t\t<\/div>\n\t\t<\/section>\n\t\t\t\t\t\t\t<\/div>\n\t\t","protected":false},"excerpt":{"rendered":"<p>\u00a0Raucherentw\u00f6hnung Gewichtsreduktion Blockaden l\u00f6sen Tiefenentspannung Beziehung &#8211; Verhalten Eifersucht Trennungsschmerz# Innere Unruhe Starke innere \u00dcberforderung belastende Verhaltensweisen (Alkohol usw.) Migr\u00e4ne Beziehungs \u2013 Empfinden verbessern Kinder \u2013 Jugendhypnose Konzentrationssteigerung Ged\u00e4chtnistraining Superlearning Motivation f\u00fcr Beruf Familie oder Sport Burnout All diese Themen behandle ich mit professioneller, moderner Hypnose \u2013 individuell, einf\u00fchlsam und l\u00f6sungsorientiert.Wenn du Fragen hast oder [&hellip;]<\/p>\n","protected":false},"author":1,"featured_media":0,"parent":0,"menu_order":0,"comment_status":"closed","ping_status":"closed","template":"","meta":{"footnotes":""},"class_list":["post-147","page","type-page","status-publish","hentry"],"yoast_head":"<!-- This site is optimized with the Yoast SEO plugin v24.3 - https:\/\/yoast.com\/wordpress\/plugins\/seo\/ -->\n<title>Meine Angebote - Dirk Siemer - Hypnosetherapeut<\/title>\n<meta name=\"robots\" content=\"index, follow, max-snippet:-1, max-image-preview:large, max-video-preview:-1\" \/>\n<link rel=\"canonical\" href=\"http:\/\/ds-hypnose.de\/index.php\/meine-angebote\/\" \/>\n<meta property=\"og:locale\" content=\"de_DE\" \/>\n<meta property=\"og:type\" content=\"article\" \/>\n<meta property=\"og:title\" content=\"Meine Angebote - Dirk Siemer - Hypnosetherapeut\" \/>\n<meta property=\"og:description\" content=\"\u00a0Raucherentw\u00f6hnung Gewichtsreduktion Blockaden l\u00f6sen Tiefenentspannung Beziehung &#8211; Verhalten Eifersucht Trennungsschmerz# Innere Unruhe Starke innere \u00dcberforderung belastende Verhaltensweisen (Alkohol usw.) Migr\u00e4ne Beziehungs \u2013 Empfinden verbessern Kinder \u2013 Jugendhypnose Konzentrationssteigerung Ged\u00e4chtnistraining Superlearning Motivation f\u00fcr Beruf Familie oder Sport Burnout All diese Themen behandle ich mit professioneller, moderner Hypnose \u2013 individuell, einf\u00fchlsam und l\u00f6sungsorientiert.Wenn du Fragen hast oder [&hellip;]\" \/>\n<meta property=\"og:url\" content=\"http:\/\/ds-hypnose.de\/index.php\/meine-angebote\/\" \/>\n<meta property=\"og:site_name\" content=\"Dirk Siemer - Hypnosetherapeut\" \/>\n<meta property=\"article:modified_time\" content=\"2025-12-12T21:46:20+00:00\" \/>\n<meta name=\"twitter:card\" content=\"summary_large_image\" \/>\n<meta name=\"twitter:label1\" content=\"Gesch\u00e4tzte Lesezeit\" \/>\n\t<meta name=\"twitter:data1\" content=\"1\u00a0Minute\" \/>\n<script type=\"application\/ld+json\" class=\"yoast-schema-graph\">{\"@context\":\"https:\/\/schema.org\",\"@graph\":[{\"@type\":\"WebPage\",\"@id\":\"http:\/\/ds-hypnose.de\/index.php\/meine-angebote\/\",\"url\":\"http:\/\/ds-hypnose.de\/index.php\/meine-angebote\/\",\"name\":\"Meine Angebote - Dirk Siemer - Hypnosetherapeut\",\"isPartOf\":{\"@id\":\"https:\/\/ds-hypnose.de\/#website\"},\"datePublished\":\"2022-10-19T06:44:01+00:00\",\"dateModified\":\"2025-12-12T21:46:20+00:00\",\"breadcrumb\":{\"@id\":\"http:\/\/ds-hypnose.de\/index.php\/meine-angebote\/#breadcrumb\"},\"inLanguage\":\"de\",\"potentialAction\":[{\"@type\":\"ReadAction\",\"target\":[\"http:\/\/ds-hypnose.de\/index.php\/meine-angebote\/\"]}]},{\"@type\":\"BreadcrumbList\",\"@id\":\"http:\/\/ds-hypnose.de\/index.php\/meine-angebote\/#breadcrumb\",\"itemListElement\":[{\"@type\":\"ListItem\",\"position\":1,\"name\":\"Startseite\",\"item\":\"https:\/\/ds-hypnose.de\/\"},{\"@type\":\"ListItem\",\"position\":2,\"name\":\"Meine Angebote\"}]},{\"@type\":\"WebSite\",\"@id\":\"https:\/\/ds-hypnose.de\/#website\",\"url\":\"https:\/\/ds-hypnose.de\/\",\"name\":\"Dirk Siemer - Hypnosetherapeut\",\"description\":\"\u201eWenn es innen wieder leiser werden darf.\u201c\",\"publisher\":{\"@id\":\"https:\/\/ds-hypnose.de\/#organization\"},\"potentialAction\":[{\"@type\":\"SearchAction\",\"target\":{\"@type\":\"EntryPoint\",\"urlTemplate\":\"https:\/\/ds-hypnose.de\/?s={search_term_string}\"},\"query-input\":{\"@type\":\"PropertyValueSpecification\",\"valueRequired\":true,\"valueName\":\"search_term_string\"}}],\"inLanguage\":\"de\"},{\"@type\":\"Organization\",\"@id\":\"https:\/\/ds-hypnose.de\/#organization\",\"name\":\"Dirk Siemer - Hypnosetherapeut\",\"url\":\"https:\/\/ds-hypnose.de\/\",\"logo\":{\"@type\":\"ImageObject\",\"inLanguage\":\"de\",\"@id\":\"https:\/\/ds-hypnose.de\/#\/schema\/logo\/image\/\",\"url\":\"http:\/\/ds-hypnose.de\/wp-content\/uploads\/2022\/10\/PicsArt_04-15-03.37.55.jpg\",\"contentUrl\":\"http:\/\/ds-hypnose.de\/wp-content\/uploads\/2022\/10\/PicsArt_04-15-03.37.55.jpg\",\"width\":257,\"height\":341,\"caption\":\"Dirk Siemer - Hypnosetherapeut\"},\"image\":{\"@id\":\"https:\/\/ds-hypnose.de\/#\/schema\/logo\/image\/\"}}]}<\/script>\n<!-- \/ Yoast SEO plugin. -->","yoast_head_json":{"title":"Meine Angebote - Dirk Siemer - Hypnosetherapeut","robots":{"index":"index","follow":"follow","max-snippet":"max-snippet:-1","max-image-preview":"max-image-preview:large","max-video-preview":"max-video-preview:-1"},"canonical":"http:\/\/ds-hypnose.de\/index.php\/meine-angebote\/","og_locale":"de_DE","og_type":"article","og_title":"Meine Angebote - Dirk Siemer - Hypnosetherapeut","og_description":"\u00a0Raucherentw\u00f6hnung Gewichtsreduktion Blockaden l\u00f6sen Tiefenentspannung Beziehung &#8211; Verhalten Eifersucht Trennungsschmerz# Innere Unruhe Starke innere \u00dcberforderung belastende Verhaltensweisen (Alkohol usw.) Migr\u00e4ne Beziehungs \u2013 Empfinden verbessern Kinder \u2013 Jugendhypnose Konzentrationssteigerung Ged\u00e4chtnistraining Superlearning Motivation f\u00fcr Beruf Familie oder Sport Burnout All diese Themen behandle ich mit professioneller, moderner Hypnose \u2013 individuell, einf\u00fchlsam und l\u00f6sungsorientiert.Wenn du Fragen hast oder [&hellip;]","og_url":"http:\/\/ds-hypnose.de\/index.php\/meine-angebote\/","og_site_name":"Dirk Siemer - Hypnosetherapeut","article_modified_time":"2025-12-12T21:46:20+00:00","twitter_card":"summary_large_image","twitter_misc":{"Gesch\u00e4tzte Lesezeit":"1\u00a0Minute"},"schema":{"@context":"https:\/\/schema.org","@graph":[{"@type":"WebPage","@id":"http:\/\/ds-hypnose.de\/index.php\/meine-angebote\/","url":"http:\/\/ds-hypnose.de\/index.php\/meine-angebote\/","name":"Meine Angebote - Dirk Siemer - Hypnosetherapeut","isPartOf":{"@id":"https:\/\/ds-hypnose.de\/#website"},"datePublished":"2022-10-19T06:44:01+00:00","dateModified":"2025-12-12T21:46:20+00:00","breadcrumb":{"@id":"http:\/\/ds-hypnose.de\/index.php\/meine-angebote\/#breadcrumb"},"inLanguage":"de","potentialAction":[{"@type":"ReadAction","target":["http:\/\/ds-hypnose.de\/index.php\/meine-angebote\/"]}]},{"@type":"BreadcrumbList","@id":"http:\/\/ds-hypnose.de\/index.php\/meine-angebote\/#breadcrumb","itemListElement":[{"@type":"ListItem","position":1,"name":"Startseite","item":"https:\/\/ds-hypnose.de\/"},{"@type":"ListItem","position":2,"name":"Meine Angebote"}]},{"@type":"WebSite","@id":"https:\/\/ds-hypnose.de\/#website","url":"https:\/\/ds-hypnose.de\/","name":"Dirk Siemer - Hypnosetherapeut","description":"\u201eWenn es innen wieder leiser werden darf.\u201c","publisher":{"@id":"https:\/\/ds-hypnose.de\/#organization"},"potentialAction":[{"@type":"SearchAction","target":{"@type":"EntryPoint","urlTemplate":"https:\/\/ds-hypnose.de\/?s={search_term_string}"},"query-input":{"@type":"PropertyValueSpecification","valueRequired":true,"valueName":"search_term_string"}}],"inLanguage":"de"},{"@type":"Organization","@id":"https:\/\/ds-hypnose.de\/#organization","name":"Dirk Siemer - Hypnosetherapeut","url":"https:\/\/ds-hypnose.de\/","logo":{"@type":"ImageObject","inLanguage":"de","@id":"https:\/\/ds-hypnose.de\/#\/schema\/logo\/image\/","url":"http:\/\/ds-hypnose.de\/wp-content\/uploads\/2022\/10\/PicsArt_04-15-03.37.55.jpg","contentUrl":"http:\/\/ds-hypnose.de\/wp-content\/uploads\/2022\/10\/PicsArt_04-15-03.37.55.jpg","width":257,"height":341,"caption":"Dirk Siemer - Hypnosetherapeut"},"image":{"@id":"https:\/\/ds-hypnose.de\/#\/schema\/logo\/image\/"}}]}},"_links":{"self":[{"href":"https:\/\/ds-hypnose.de\/index.php\/wp-json\/wp\/v2\/pages\/147","targetHints":{"allow":["GET"]}}],"collection":[{"href":"https:\/\/ds-hypnose.de\/index.php\/wp-json\/wp\/v2\/pages"}],"about":[{"href":"https:\/\/ds-hypnose.de\/index.php\/wp-json\/wp\/v2\/types\/page"}],"author":[{"embeddable":true,"href":"https:\/\/ds-hypnose.de\/index.php\/wp-json\/wp\/v2\/users\/1"}],"replies":[{"embeddable":true,"href":"https:\/\/ds-hypnose.de\/index.php\/wp-json\/wp\/v2\/comments?post=147"}],"version-history":[{"count":41,"href":"https:\/\/ds-hypnose.de\/index.php\/wp-json\/wp\/v2\/pages\/147\/revisions"}],"predecessor-version":[{"id":455,"href":"https:\/\/ds-hypnose.de\/index.php\/wp-json\/wp\/v2\/pages\/147\/revisions\/455"}],"wp:attachment":[{"href":"https:\/\/ds-hypnose.de\/index.php\/wp-json\/wp\/v2\/media?parent=147"}],"curies":[{"name":"wp","href":"https:\/\/api.w.org\/{rel}","templated":true}]}}