{"id":151,"date":"2022-10-19T06:44:01","date_gmt":"2022-10-19T06:44:01","guid":{"rendered":"http:\/\/ds-hypnose.de\/?page_id=151"},"modified":"2022-10-19T07:34:53","modified_gmt":"2022-10-19T07:34:53","slug":"gewichtsreduktion","status":"publish","type":"page","link":"http:\/\/ds-hypnose.de\/index.php\/gewichtsreduktion\/","title":{"rendered":"Gewichtsreduktion"},"content":{"rendered":"\t\t<div data-elementor-type=\"wp-page\" data-elementor-id=\"151\" class=\"elementor elementor-151\">\n\t\t\t\t\t\t\t\t\t<section class=\"elementor-section elementor-top-section elementor-element elementor-element-0635de7 elementor-section-boxed elementor-section-height-default elementor-section-height-default\" data-id=\"0635de7\" data-element_type=\"section\">\n\t\t\t\t\t\t<div class=\"elementor-container elementor-column-gap-default\">\n\t\t\t\t\t<div class=\"aux-parallax-section elementor-column elementor-col-50 elementor-top-column elementor-element elementor-element-3353e3c\" data-id=\"3353e3c\" data-element_type=\"column\">\n\t\t\t<div class=\"elementor-widget-wrap elementor-element-populated\">\n\t\t\t\t\t\t\t\t<div class=\"elementor-element elementor-element-27bee63 elementor-widget elementor-widget-image\" data-id=\"27bee63\" data-element_type=\"widget\" data-widget_type=\"image.default\">\n\t\t\t\t<div class=\"elementor-widget-container\">\n\t\t\t\t\t\t\t\t\t\t\t\t\t\t\t<img decoding=\"async\" width=\"270\" height=\"180\" src=\"http:\/\/ds-hypnose.de\/wp-content\/uploads\/2022\/10\/abnehmen2473__180.jpg\" class=\"attachment-large size-large wp-image-282\" alt=\"\" srcset=\"http:\/\/ds-hypnose.de\/wp-content\/uploads\/2022\/10\/abnehmen2473__180.jpg 270w, http:\/\/ds-hypnose.de\/wp-content\/uploads\/2022\/10\/abnehmen2473__180-200x133.jpg 200w\" sizes=\"(max-width: 270px) 100vw, 270px\" \/>\t\t\t\t\t\t\t\t\t\t\t\t\t\t\t<\/div>\n\t\t\t\t<\/div>\n\t\t\t\t\t<\/div>\n\t\t<\/div>\n\t\t\t\t<div class=\"aux-parallax-section elementor-column elementor-col-50 elementor-top-column elementor-element elementor-element-167bbd3\" data-id=\"167bbd3\" data-element_type=\"column\">\n\t\t\t<div class=\"elementor-widget-wrap elementor-element-populated\">\n\t\t\t\t\t\t\t\t<div class=\"elementor-element elementor-element-d8c6950 elementor-widget elementor-widget-text-editor\" data-id=\"d8c6950\" data-element_type=\"widget\" data-widget_type=\"text-editor.default\">\n\t\t\t\t<div class=\"elementor-widget-container\">\n\t\t\t\t\t\t\t<p><span style=\"font-size: 16pt;\"><strong>Abnehmen<\/strong><\/span><\/p><ul><li><strong><span style=\"font-size: 12pt;\">Ohne Jojo-Effekt<\/span><\/strong><\/li><li><strong><span style=\"font-size: 12pt;\">Stressfrei und ausgeglichen<\/span><\/strong><\/li><li><strong><span style=\"font-size: 12pt;\">Dauerhaft und kontinuierlich<\/span><\/strong><\/li><li><strong><span style=\"font-size: 12pt;\">Ohne hungern<\/span><\/strong><\/li><li><strong><span style=\"font-size: 12pt;\">Mehr Freude an Bewegung<\/span><\/strong><\/li><li><strong><span style=\"font-size: 12pt;\">Ohne bewussten Verzicht<\/span><\/strong><\/li><\/ul>\t\t\t\t\t\t<\/div>\n\t\t\t\t<\/div>\n\t\t\t\t\t<\/div>\n\t\t<\/div>\n\t\t\t\t\t\t\t<\/div>\n\t\t<\/section>\n\t\t\t\t<section class=\"elementor-section elementor-top-section elementor-element elementor-element-f7ecc88 elementor-section-boxed elementor-section-height-default elementor-section-height-default\" data-id=\"f7ecc88\" data-element_type=\"section\">\n\t\t\t\t\t\t<div class=\"elementor-container elementor-column-gap-default\">\n\t\t\t\t\t<div class=\"aux-parallax-section elementor-column elementor-col-100 elementor-top-column elementor-element elementor-element-c4cc2d2\" data-id=\"c4cc2d2\" data-element_type=\"column\">\n\t\t\t<div class=\"elementor-widget-wrap elementor-element-populated\">\n\t\t\t\t\t\t\t\t<div class=\"elementor-element elementor-element-a513fab elementor-widget elementor-widget-text-editor\" data-id=\"a513fab\" data-element_type=\"widget\" data-widget_type=\"text-editor.default\">\n\t\t\t\t<div class=\"elementor-widget-container\">\n\t\t\t\t\t\t\t<p style=\"text-align: center;\"><span style=\"font-size: 12pt;\">Wieviele Di\u00e4ten haben Sie schon probiert? Wie oft sind Sie gescheitert? Sie haben keine Lust mehr sich t\u00e4glich mit irgendwelchen Di\u00e4ten zu qu\u00e4len?<\/span><\/p><p style=\"text-align: center;\"><span style=\"font-size: 12pt;\">Hypnose ist eine sanfte und angenehme Art sein Gewicht gesund und effektiv auf dauer zu reduzieren.\u00a0<\/span><\/p><p style=\"text-align: center;\"><span style=\"font-size: 12pt;\">Viele meiner Klienten haben es satt st\u00e4ndig an Di\u00e4ten zu denken. Geplagt von Hei\u00dfhunger, Kraftlosigkeit bis hin zu st\u00e4ndigem Gereizt sein, bestimmen in dieser Zeit oft den Tagesablauf. Meine langj\u00e4hrig erprobte und st\u00e4ndig weiterentwickelte Technik zur Gewichtsreduzierung in der Hypnose, werden Ihnen helfen mit der Kraft Ihres unbewussten, m\u00fchelos und wie von selbst ihr Gewicht gesund zu reduzieren und auf Dauer zu halten. Auch die bekannte Magenband-Hypnose (bekannt aus RTL) kommt bei Wunsch zum Einsatz.<\/span><\/p><p style=\"text-align: center;\"><span style=\"font-size: 12pt;\">Egal ob Sie gerne viel essen, oder ein Schokoladen Junky sind. es macht nichts, ob Sie am Abend Hei\u00dfhunger versp\u00fcren oder in der Nacht aufstehen m\u00fcssen um zu naschen. Sie werden erstaunt sein, was Ihr Unterbewusstsein f\u00fcr Sie leistet um Ihr Ideales, gesundes Gewicht zu erreichen und zu halten.<\/span><\/p><p style=\"text-align: center;\">\u00a0<\/p>\t\t\t\t\t\t<\/div>\n\t\t\t\t<\/div>\n\t\t\t\t\t<\/div>\n\t\t<\/div>\n\t\t\t\t\t\t\t<\/div>\n\t\t<\/section>\n\t\t\t\t\t\t\t<\/div>\n\t\t","protected":false},"excerpt":{"rendered":"<p>Abnehmen Ohne Jojo-Effekt Stressfrei und ausgeglichen Dauerhaft und kontinuierlich Ohne hungern Mehr Freude an Bewegung Ohne bewussten Verzicht Wieviele Di\u00e4ten haben Sie schon probiert? Wie oft sind Sie gescheitert? Sie haben keine Lust mehr sich t\u00e4glich mit irgendwelchen Di\u00e4ten zu qu\u00e4len? Hypnose ist eine sanfte und angenehme Art sein Gewicht gesund und effektiv auf dauer [&hellip;]<\/p>\n","protected":false},"author":1,"featured_media":0,"parent":0,"menu_order":0,"comment_status":"closed","ping_status":"closed","template":"","meta":{"footnotes":""},"class_list":["post-151","page","type-page","status-publish","hentry"],"yoast_head":"<!-- This site is optimized with the Yoast SEO plugin v24.3 - https:\/\/yoast.com\/wordpress\/plugins\/seo\/ -->\n<title>Gewichtsreduktion - Dirk Siemer - Hypnosetherapeut<\/title>\n<meta name=\"robots\" content=\"index, follow, max-snippet:-1, max-image-preview:large, max-video-preview:-1\" \/>\n<link rel=\"canonical\" href=\"https:\/\/ds-hypnose.de\/index.php\/gewichtsreduktion\/\" \/>\n<meta property=\"og:locale\" content=\"de_DE\" \/>\n<meta property=\"og:type\" content=\"article\" \/>\n<meta property=\"og:title\" content=\"Gewichtsreduktion - Dirk Siemer - Hypnosetherapeut\" \/>\n<meta property=\"og:description\" content=\"Abnehmen Ohne Jojo-Effekt Stressfrei und ausgeglichen Dauerhaft und kontinuierlich Ohne hungern Mehr Freude an Bewegung Ohne bewussten Verzicht Wieviele Di\u00e4ten haben Sie schon probiert? Wie oft sind Sie gescheitert? Sie haben keine Lust mehr sich t\u00e4glich mit irgendwelchen Di\u00e4ten zu qu\u00e4len? Hypnose ist eine sanfte und angenehme Art sein Gewicht gesund und effektiv auf dauer [&hellip;]\" \/>\n<meta property=\"og:url\" content=\"https:\/\/ds-hypnose.de\/index.php\/gewichtsreduktion\/\" \/>\n<meta property=\"og:site_name\" content=\"Dirk Siemer - Hypnosetherapeut\" \/>\n<meta property=\"article:modified_time\" content=\"2022-10-19T07:34:53+00:00\" \/>\n<meta property=\"og:image\" content=\"http:\/\/ds-hypnose.de\/wp-content\/uploads\/2022\/10\/abnehmen2473__180.jpg\" \/>\n<meta name=\"twitter:card\" content=\"summary_large_image\" \/>\n<meta name=\"twitter:label1\" content=\"Gesch\u00e4tzte Lesezeit\" \/>\n\t<meta name=\"twitter:data1\" content=\"1\u00a0Minute\" \/>\n<script type=\"application\/ld+json\" class=\"yoast-schema-graph\">{\"@context\":\"https:\/\/schema.org\",\"@graph\":[{\"@type\":\"WebPage\",\"@id\":\"https:\/\/ds-hypnose.de\/index.php\/gewichtsreduktion\/\",\"url\":\"https:\/\/ds-hypnose.de\/index.php\/gewichtsreduktion\/\",\"name\":\"Gewichtsreduktion - Dirk Siemer - Hypnosetherapeut\",\"isPartOf\":{\"@id\":\"https:\/\/ds-hypnose.de\/#website\"},\"primaryImageOfPage\":{\"@id\":\"https:\/\/ds-hypnose.de\/index.php\/gewichtsreduktion\/#primaryimage\"},\"image\":{\"@id\":\"https:\/\/ds-hypnose.de\/index.php\/gewichtsreduktion\/#primaryimage\"},\"thumbnailUrl\":\"http:\/\/ds-hypnose.de\/wp-content\/uploads\/2022\/10\/abnehmen2473__180.jpg\",\"datePublished\":\"2022-10-19T06:44:01+00:00\",\"dateModified\":\"2022-10-19T07:34:53+00:00\",\"breadcrumb\":{\"@id\":\"https:\/\/ds-hypnose.de\/index.php\/gewichtsreduktion\/#breadcrumb\"},\"inLanguage\":\"de\",\"potentialAction\":[{\"@type\":\"ReadAction\",\"target\":[\"https:\/\/ds-hypnose.de\/index.php\/gewichtsreduktion\/\"]}]},{\"@type\":\"ImageObject\",\"inLanguage\":\"de\",\"@id\":\"https:\/\/ds-hypnose.de\/index.php\/gewichtsreduktion\/#primaryimage\",\"url\":\"http:\/\/ds-hypnose.de\/wp-content\/uploads\/2022\/10\/abnehmen2473__180.jpg\",\"contentUrl\":\"http:\/\/ds-hypnose.de\/wp-content\/uploads\/2022\/10\/abnehmen2473__180.jpg\",\"width\":270,\"height\":180},{\"@type\":\"BreadcrumbList\",\"@id\":\"https:\/\/ds-hypnose.de\/index.php\/gewichtsreduktion\/#breadcrumb\",\"itemListElement\":[{\"@type\":\"ListItem\",\"position\":1,\"name\":\"Startseite\",\"item\":\"http:\/\/ds-hypnose.de\/\"},{\"@type\":\"ListItem\",\"position\":2,\"name\":\"Gewichtsreduktion\"}]},{\"@type\":\"WebSite\",\"@id\":\"https:\/\/ds-hypnose.de\/#website\",\"url\":\"https:\/\/ds-hypnose.de\/\",\"name\":\"Dirk Siemer - Hypnosetherapeut\",\"description\":\"\u201eWenn es innen wieder leiser werden darf.\u201c\",\"publisher\":{\"@id\":\"https:\/\/ds-hypnose.de\/#organization\"},\"potentialAction\":[{\"@type\":\"SearchAction\",\"target\":{\"@type\":\"EntryPoint\",\"urlTemplate\":\"https:\/\/ds-hypnose.de\/?s={search_term_string}\"},\"query-input\":{\"@type\":\"PropertyValueSpecification\",\"valueRequired\":true,\"valueName\":\"search_term_string\"}}],\"inLanguage\":\"de\"},{\"@type\":\"Organization\",\"@id\":\"https:\/\/ds-hypnose.de\/#organization\",\"name\":\"Dirk Siemer - Hypnosetherapeut\",\"url\":\"https:\/\/ds-hypnose.de\/\",\"logo\":{\"@type\":\"ImageObject\",\"inLanguage\":\"de\",\"@id\":\"https:\/\/ds-hypnose.de\/#\/schema\/logo\/image\/\",\"url\":\"http:\/\/ds-hypnose.de\/wp-content\/uploads\/2022\/10\/PicsArt_04-15-03.37.55.jpg\",\"contentUrl\":\"http:\/\/ds-hypnose.de\/wp-content\/uploads\/2022\/10\/PicsArt_04-15-03.37.55.jpg\",\"width\":257,\"height\":341,\"caption\":\"Dirk Siemer - Hypnosetherapeut\"},\"image\":{\"@id\":\"https:\/\/ds-hypnose.de\/#\/schema\/logo\/image\/\"}}]}<\/script>\n<!-- \/ Yoast SEO plugin. -->","yoast_head_json":{"title":"Gewichtsreduktion - Dirk Siemer - Hypnosetherapeut","robots":{"index":"index","follow":"follow","max-snippet":"max-snippet:-1","max-image-preview":"max-image-preview:large","max-video-preview":"max-video-preview:-1"},"canonical":"https:\/\/ds-hypnose.de\/index.php\/gewichtsreduktion\/","og_locale":"de_DE","og_type":"article","og_title":"Gewichtsreduktion - Dirk Siemer - Hypnosetherapeut","og_description":"Abnehmen Ohne Jojo-Effekt Stressfrei und ausgeglichen Dauerhaft und kontinuierlich Ohne hungern Mehr Freude an Bewegung Ohne bewussten Verzicht Wieviele Di\u00e4ten haben Sie schon probiert? Wie oft sind Sie gescheitert? Sie haben keine Lust mehr sich t\u00e4glich mit irgendwelchen Di\u00e4ten zu qu\u00e4len? Hypnose ist eine sanfte und angenehme Art sein Gewicht gesund und effektiv auf dauer [&hellip;]","og_url":"https:\/\/ds-hypnose.de\/index.php\/gewichtsreduktion\/","og_site_name":"Dirk Siemer - Hypnosetherapeut","article_modified_time":"2022-10-19T07:34:53+00:00","og_image":[{"url":"http:\/\/ds-hypnose.de\/wp-content\/uploads\/2022\/10\/abnehmen2473__180.jpg","type":"","width":"","height":""}],"twitter_card":"summary_large_image","twitter_misc":{"Gesch\u00e4tzte Lesezeit":"1\u00a0Minute"},"schema":{"@context":"https:\/\/schema.org","@graph":[{"@type":"WebPage","@id":"https:\/\/ds-hypnose.de\/index.php\/gewichtsreduktion\/","url":"https:\/\/ds-hypnose.de\/index.php\/gewichtsreduktion\/","name":"Gewichtsreduktion - Dirk Siemer - Hypnosetherapeut","isPartOf":{"@id":"https:\/\/ds-hypnose.de\/#website"},"primaryImageOfPage":{"@id":"https:\/\/ds-hypnose.de\/index.php\/gewichtsreduktion\/#primaryimage"},"image":{"@id":"https:\/\/ds-hypnose.de\/index.php\/gewichtsreduktion\/#primaryimage"},"thumbnailUrl":"http:\/\/ds-hypnose.de\/wp-content\/uploads\/2022\/10\/abnehmen2473__180.jpg","datePublished":"2022-10-19T06:44:01+00:00","dateModified":"2022-10-19T07:34:53+00:00","breadcrumb":{"@id":"https:\/\/ds-hypnose.de\/index.php\/gewichtsreduktion\/#breadcrumb"},"inLanguage":"de","potentialAction":[{"@type":"ReadAction","target":["https:\/\/ds-hypnose.de\/index.php\/gewichtsreduktion\/"]}]},{"@type":"ImageObject","inLanguage":"de","@id":"https:\/\/ds-hypnose.de\/index.php\/gewichtsreduktion\/#primaryimage","url":"http:\/\/ds-hypnose.de\/wp-content\/uploads\/2022\/10\/abnehmen2473__180.jpg","contentUrl":"http:\/\/ds-hypnose.de\/wp-content\/uploads\/2022\/10\/abnehmen2473__180.jpg","width":270,"height":180},{"@type":"BreadcrumbList","@id":"https:\/\/ds-hypnose.de\/index.php\/gewichtsreduktion\/#breadcrumb","itemListElement":[{"@type":"ListItem","position":1,"name":"Startseite","item":"http:\/\/ds-hypnose.de\/"},{"@type":"ListItem","position":2,"name":"Gewichtsreduktion"}]},{"@type":"WebSite","@id":"https:\/\/ds-hypnose.de\/#website","url":"https:\/\/ds-hypnose.de\/","name":"Dirk Siemer - Hypnosetherapeut","description":"\u201eWenn es innen wieder leiser werden darf.\u201c","publisher":{"@id":"https:\/\/ds-hypnose.de\/#organization"},"potentialAction":[{"@type":"SearchAction","target":{"@type":"EntryPoint","urlTemplate":"https:\/\/ds-hypnose.de\/?s={search_term_string}"},"query-input":{"@type":"PropertyValueSpecification","valueRequired":true,"valueName":"search_term_string"}}],"inLanguage":"de"},{"@type":"Organization","@id":"https:\/\/ds-hypnose.de\/#organization","name":"Dirk Siemer - Hypnosetherapeut","url":"https:\/\/ds-hypnose.de\/","logo":{"@type":"ImageObject","inLanguage":"de","@id":"https:\/\/ds-hypnose.de\/#\/schema\/logo\/image\/","url":"http:\/\/ds-hypnose.de\/wp-content\/uploads\/2022\/10\/PicsArt_04-15-03.37.55.jpg","contentUrl":"http:\/\/ds-hypnose.de\/wp-content\/uploads\/2022\/10\/PicsArt_04-15-03.37.55.jpg","width":257,"height":341,"caption":"Dirk Siemer - Hypnosetherapeut"},"image":{"@id":"https:\/\/ds-hypnose.de\/#\/schema\/logo\/image\/"}}]}},"_links":{"self":[{"href":"http:\/\/ds-hypnose.de\/index.php\/wp-json\/wp\/v2\/pages\/151","targetHints":{"allow":["GET"]}}],"collection":[{"href":"http:\/\/ds-hypnose.de\/index.php\/wp-json\/wp\/v2\/pages"}],"about":[{"href":"http:\/\/ds-hypnose.de\/index.php\/wp-json\/wp\/v2\/types\/page"}],"author":[{"embeddable":true,"href":"http:\/\/ds-hypnose.de\/index.php\/wp-json\/wp\/v2\/users\/1"}],"replies":[{"embeddable":true,"href":"http:\/\/ds-hypnose.de\/index.php\/wp-json\/wp\/v2\/comments?post=151"}],"version-history":[{"count":7,"href":"http:\/\/ds-hypnose.de\/index.php\/wp-json\/wp\/v2\/pages\/151\/revisions"}],"predecessor-version":[{"id":288,"href":"http:\/\/ds-hypnose.de\/index.php\/wp-json\/wp\/v2\/pages\/151\/revisions\/288"}],"wp:attachment":[{"href":"http:\/\/ds-hypnose.de\/index.php\/wp-json\/wp\/v2\/media?parent=151"}],"curies":[{"name":"wp","href":"https:\/\/api.w.org\/{rel}","templated":true}]}}